{"id":2,"date":"2015-04-14T11:27:49","date_gmt":"2015-04-14T11:27:49","guid":{"rendered":"http:\/\/robotics.fel.cvut.cz\/cras\/?page_id=2"},"modified":"2023-04-25T13:05:32","modified_gmt":"2023-04-25T13:05:32","slug":"people","status":"publish","type":"page","link":"https:\/\/robotics.fel.cvut.cz\/cras\/people\/","title":{"rendered":"People"},"content":{"rendered":"<table>\n<tr>\n<td><a href=\"http:\/\/cmp.felk.cvut.cz\/~svoboda\">Tom\u00e1\u0161 Svoboda<\/a><\/td>\n<td><a href=\"http:\/\/cyber.felk.cvut.cz\">Department of Cybernetics<\/a><\/td>\n<td>Professor<\/td>\n<\/tr>\n<tr>\n<td><a href=\"http:\/\/robotics.fel.cvut.cz\/jf\">Jan Faigl<\/a><\/td>\n<td><a href=\"http:\/\/cs.felk.cvut.cz\">Department of Computer Science<\/a><\/td>\n<td>Professor<\/td>\n<\/tr>\n<tr>\n<td><a href=\"http:\/\/mrs.felk.cvut.cz\/people\/martin-saska\">Martin Saska<\/a><\/td>\n<td><a href=\"http:\/\/cyber.felk.cvut.cz\">Department of Cybernetics<\/a><\/td>\n<td>Associate Professor<\/td>\n<\/tr>\n<tr>\n<td><a href=\"http:\/\/cs.felk.cvut.cz\/en\/people\/rollom\">Milan Rollo<\/a><\/td>\n<td><a href=\"http:\/\/cs.felk.cvut.cz\">Department of Computer Science<\/a><\/td>\n<td>Senior Researcher<\/td>\n<\/tr>\n<tr>\n<td><a href=\"http:\/\/cmp.felk.cvut.cz\/~zimmerk\">Karel Zimmermann<\/a><\/td>\n<td><a href=\"http:\/\/cyber.felk.cvut.cz\">Department of Cybernetics<\/a><\/td>\n<td>Associate Professor<\/td>\n<\/tr>\n<tr>\n<td><a href=\"https:\/\/sites.google.com\/site\/matejhof\/\">Mat\u011bj Hoffmann<\/a><\/td>\n<td><a href=\"http:\/\/cyber.felk.cvut.cz\">Department of Cybernetics<\/a><\/td>\n<td>Associate Professor<\/td>\n<\/tr>\n<tr>\n<td><a href=\"https:\/\/scholar.google.com\/citations?user=Qv3nqgsAAAAJ&#038;hl=en\">Tom\u00e1\u0161 Krajn\u00edk<\/a><\/td>\n<td><a href=\"http:\/\/cs.felk.cvut.cz\">Department of Computer Science<\/a><\/td>\n<td>Associate Professor<\/td>\n<\/tr>\n<\/table>\n","protected":false},"excerpt":{"rendered":"<p>Tom\u00e1\u0161 Svoboda Department of Cybernetics Professor Jan Faigl Department of Computer Science Professor Martin Saska Department of Cybernetics Associate Professor Milan Rollo Department of Computer Science Senior Researcher Karel Zimmermann Department of Cybernetics Associate Professor Mat\u011bj Hoffmann Department of Cybernetics Associate Professor Tom\u00e1\u0161 Krajn\u00edk Department of Computer Science Associate Professor<\/p>\n","protected":false},"author":1,"featured_media":0,"parent":0,"menu_order":0,"comment_status":"closed","ping_status":"closed","template":"","meta":{"footnotes":""},"_links":{"self":[{"href":"https:\/\/robotics.fel.cvut.cz\/cras\/wp-json\/wp\/v2\/pages\/2"}],"collection":[{"href":"https:\/\/robotics.fel.cvut.cz\/cras\/wp-json\/wp\/v2\/pages"}],"about":[{"href":"https:\/\/robotics.fel.cvut.cz\/cras\/wp-json\/wp\/v2\/types\/page"}],"author":[{"embeddable":true,"href":"https:\/\/robotics.fel.cvut.cz\/cras\/wp-json\/wp\/v2\/users\/1"}],"replies":[{"embeddable":true,"href":"https:\/\/robotics.fel.cvut.cz\/cras\/wp-json\/wp\/v2\/comments?post=2"}],"version-history":[{"count":16,"href":"https:\/\/robotics.fel.cvut.cz\/cras\/wp-json\/wp\/v2\/pages\/2\/revisions"}],"predecessor-version":[{"id":496,"href":"https:\/\/robotics.fel.cvut.cz\/cras\/wp-json\/wp\/v2\/pages\/2\/revisions\/496"}],"wp:attachment":[{"href":"https:\/\/robotics.fel.cvut.cz\/cras\/wp-json\/wp\/v2\/media?parent=2"}],"curies":[{"name":"wp","href":"https:\/\/api.w.org\/{rel}","templated":true}]}}