{"id":28,"date":"2015-04-15T10:13:56","date_gmt":"2015-04-15T10:13:56","guid":{"rendered":"http:\/\/robotics.fel.cvut.cz\/cras\/?page_id=28"},"modified":"2019-01-23T09:31:57","modified_gmt":"2019-01-23T09:31:57","slug":"education","status":"publish","type":"page","link":"https:\/\/robotics.fel.cvut.cz\/cras\/education\/","title":{"rendered":"Teaching"},"content":{"rendered":"<p>We teach in two study programmes, <a title=\"Open Informatics\" href=\"http:\/\/oi.fel.cvut.cz\/en\/home\" target=\"_blank\">Open Informatics<\/a>, and <a title=\"Cybernetics and Robotics\" href=\"http:\/\/kybernetika.fel.cvut.cz\/en\/\" target=\"_blank\">Cybernetics and Robotics<\/a>.<\/p>\n<ul>\n<li>\n<a href=\"http:\/\/cw.fel.cvut.cz\/wiki\/courses\/b4b33rph\/start\">\u0158e\u0161en\u00ed probl\u00e9m\u016f a hry<\/a> (Problem solving and games)\n<\/li>\n<li>\n<a href=\"https:\/\/www.fel.cvut.cz\/cz\/education\/bk\/predmety\/46\/78\/p4678006.html\">Autonomn\u00ed robotika<\/a>, <a href=\"https:\/\/www.fel.cvut.cz\/en\/education\/bk\/predmety\/46\/81\/p4681906.html\">Autonomous robots<\/a>\n<\/li>\n<li>\n<a href=\"http:\/\/cw.fel.cvut.cz\/wiki\/courses\/b4m36uir\/start\">Um\u011bl\u00e1 inteligence v robotice<\/a>; Artificial Intelligence in Robotics.\n<\/li>\n<li>\nProgramming in several courses (Python, C\/C++, Java). <a href=\"https:\/\/www.fel.cvut.cz\/cz\/education\/bk\/predmety\/47\/02\/p4702606.html\">Procedur\u00e1ln\u00ed programov\u00e1n\u00ed<\/a>, <a href=\"https:\/\/cw.fel.cvut.cz\/wiki\/courses\/be5b33prg\/start\">Programming Essentials<\/a>, &#8230;\n<\/li>\n<li>\n<a href=\"https:\/\/cw.fel.cvut.cz\/wiki\/courses\/b3b33kui\/start\">Kybernetika a um\u011bl\u00e1 inteligence<\/a>; <a href=\"https:\/\/cw.fel.cvut.cz\/wiki\/courses\/be5b33kui\/start\">Cybernetics and Artificial Intelligence<\/a>\n<\/li>\n<li>\n<a href=\"https:\/\/www.fel.cvut.cz\/cz\/education\/bk\/predmety\/46\/75\/p4675106.html\">Vid\u011bn\u00ed robot\u016f<\/a> (Robot vision)\n<\/ul>\n","protected":false},"excerpt":{"rendered":"<p>We teach in two study programmes, Open Informatics, and Cybernetics and Robotics. \u0158e\u0161en\u00ed probl\u00e9m\u016f a hry (Problem solving and games) Autonomn\u00ed robotika, Autonomous robots Um\u011bl\u00e1 inteligence v robotice; Artificial Intelligence in Robotics. Programming in several courses (Python, C\/C++, Java). Procedur\u00e1ln\u00ed programov\u00e1n\u00ed, Programming Essentials, &#8230; Kybernetika a um\u011bl\u00e1 inteligence; Cybernetics and Artificial Intelligence Vid\u011bn\u00ed robot\u016f (Robot [&hellip;]<\/p>\n","protected":false},"author":2,"featured_media":0,"parent":0,"menu_order":0,"comment_status":"closed","ping_status":"closed","template":"","meta":{"footnotes":""},"_links":{"self":[{"href":"https:\/\/robotics.fel.cvut.cz\/cras\/wp-json\/wp\/v2\/pages\/28"}],"collection":[{"href":"https:\/\/robotics.fel.cvut.cz\/cras\/wp-json\/wp\/v2\/pages"}],"about":[{"href":"https:\/\/robotics.fel.cvut.cz\/cras\/wp-json\/wp\/v2\/types\/page"}],"author":[{"embeddable":true,"href":"https:\/\/robotics.fel.cvut.cz\/cras\/wp-json\/wp\/v2\/users\/2"}],"replies":[{"embeddable":true,"href":"https:\/\/robotics.fel.cvut.cz\/cras\/wp-json\/wp\/v2\/comments?post=28"}],"version-history":[{"count":15,"href":"https:\/\/robotics.fel.cvut.cz\/cras\/wp-json\/wp\/v2\/pages\/28\/revisions"}],"predecessor-version":[{"id":296,"href":"https:\/\/robotics.fel.cvut.cz\/cras\/wp-json\/wp\/v2\/pages\/28\/revisions\/296"}],"wp:attachment":[{"href":"https:\/\/robotics.fel.cvut.cz\/cras\/wp-json\/wp\/v2\/media?parent=28"}],"curies":[{"name":"wp","href":"https:\/\/api.w.org\/{rel}","templated":true}]}}