{"id":33,"date":"2015-04-23T11:24:00","date_gmt":"2015-04-23T11:24:00","guid":{"rendered":"http:\/\/robotics.fel.cvut.cz\/cras\/?page_id=33"},"modified":"2022-06-30T13:02:30","modified_gmt":"2022-06-30T13:02:30","slug":"media","status":"publish","type":"page","link":"https:\/\/robotics.fel.cvut.cz\/cras\/media\/","title":{"rendered":"Media"},"content":{"rendered":"<ul>\n<li>Spots did 3D mapping and data gathering in the Prague underground and cooperation with the company Kolektory Praha a.s. which received wide coverage by the Czech media. <a href=\"https:\/\/monitoring.anopress.cz\/orig\/MyRec?h=42245648\">\u00a0\u010cT 1 &#8211; Ud\u00e1losti, <\/a><a href=\"https:\/\/ct24.ceskatelevize.cz\/veda\/3512014-do-prazskeho-podzemi-vyrazil-robopes-porizoval-pri-tom-digitalni-mapu\">server \u010cT24<\/a> \u00a0<a href=\"https:\/\/prazsky.denik.cz\/zpravy_region\/podzemi-prahy-zkoumaji-roboti-vytvori-jeho-3d-mapu-20220629.html\">Pra\u017esk\u00fd den\u00edk<\/a>, <a href=\"https:\/\/monitoring.anopress.cz\/orig\/MyOrig?h=55849626\">Den\u00edk Pr\u00e1vo<\/a>, <a href=\"https:\/\/www.metro.cz\/v-prazskem-podzemi-behali-robohafani-pomohou-vytvorit-virtualni-mapu-tunelu-1xt-\/praha.aspx?c=A220628_172756_metro-praha_ireve\">Metro.cz<\/a>, <a href=\"https:\/\/www.novinky.cz\/veda-skoly\/clanek\/robopes-s-rukou-vyrazil-na-svou-prvni-misi-do-labyrintu-prazskeho-podzemi-40401496\">Novinky.cz<\/a><\/li>\n<li>All you wanted to know about robotics at our faculty in 15 minutes. <a href=\"https:\/\/www.ceskatelevize.cz\/porady\/10101491767-studio-ct24\/221411058031021\/\">CT24 studio<\/a> starts around 4:30.\n<li>Preparing for DARPA SubT finals, in cave Byci Skala, e.g. <a href=\"https:\/\/forbes.cz\/dron-misto-netopyru-jak-roboti-z-cvut-trenovali-v-jeskyni-byci-skala\/\">Forbes.cz<\/a>, <a href=\"https:\/\/www.zive.cz\/clanky\/s-robopsem-spot-v-jeskyni-cvut-se-v-podzemi-pripravovala-na-velke-finale\/sc-3-a-210947\/default.aspx\">Zive.cz<\/a>.\n<li>New SPOT caught attention, <a href=\"https:\/\/www.ceskatelevize.cz\/porady\/1096902795-studio-6\/221411010100601\/video\/844073\">CzechTV<\/a>, <a href=\"https:\/\/forbes.cz\/capek-by-se-divil-robot-z-cvut-se-zucastni-souteze-o-miliony-dolaru\/\">Forbes<\/a>, &#8230;\n<li>Various media reactions to securing 1.5 mio USD DARPA funding: <a href=\"https:\/\/www.ceskatelevize.cz\/porady\/1096902795-studio-6\/220411010111217-studio-6-ii\/video\/809060\">Czech TV<\/a>, <a href=\"https:\/\/plus.rozhlas.cz\/uspech-cvut-jejich-tym-jako-jediny-na-svete-ziskal-dodatecne-financovani-v-8387345#volume\">\u010cRo Plus<\/a>, <a href=\"https:\/\/program.rozhlas.cz\/zaznamy#\/radiozurnal\/2020-12-19\">Martin Saska@Radio\u017eurn\u00e1l<\/a> (from 9:44:20), <a href=\"https:\/\/program..rozhlas.cz\/zaznamy#\/radiozurnal\/2020-12-16\">Tom\u00e1\u0161 Svoboda@Radio\u017eurn\u00e1l<\/a> (from 10:40), <a href=\"https:\/\/www.orobotice.cz\/o-robotice-jak-uspet-v-konkurenci-nasa-nebo-mit\/\">podcast<\/a> at orobotice.cz.\n<li>Testing multi-robot team in cave system Byci skala, near Brno, Czech Republic, <a href=\"https:\/\/www.idnes.cz\/brno\/zpravy\/byci-skala-blanensko-vedci-cvut-praha-robot.A200723_151449_brno-zpravy_vh\">featured in iDnes.cz<\/a> &#8211; major Czech news. The same event was also featured at the <a href=\"https:\/\/ct24.ceskatelevize.cz\/regiony\/jihomoravsky-kraj\/3146310-jeskynni-tmu-moravskeho-krasu-prorizly-reflektory-robotu?fbclid=IwAR0DJ-fMOvdTZCiBvTmGv1vAJ_NWwUn_u4d0WmpMuSWdrlIzl7Ehk_DVnDE\">Czech TV news<\/a> and at <a href=\"https:\/\/www.fel.cvut.cz\/cz\/aktuality\/2020\/nase-drony-a-pozemni-roboty-zkoumaly-jeskynni-komplex-byci-skala\">many other<\/a> news\/media.\n<li>DARPA team received the <a href=\"https:\/\/www.aiawards.cz\">AIaward<\/a> 2019 in the project category. Also featured in <a href=\"https:\/\/byznys.ihned.cz\/c1-66738520-v-ceske-soutezi-umele-inteligence-ai-awards-bodoval-digi-filozof-i-robot-zachranar\">Hospodarske noviny<\/a> &#8211; major Czech daily newspaper.\n<li>MBIZRC 2020 success feature in <a href=\"https:\/\/cyber.felk.cvut.cz\/news\/mbzirc-abu-dhabi-winner-team-in-prima-tv-news\/\">Prima TV news<\/a> March 6, 2020.\n<li>Czech TV about our success at the DARPA SubT challenge &#8211; Tunnel Circuit [<a href=\"https:\/\/login.rci.cvut.cz\/data\/darpa-subt\/media\/Studio6-2019-09-12.mp4\">Studio 6<\/a> 2019-09-12, <a href=\"https:\/\/www.ceskatelevize.cz\/ivysilani\/1097181328-udalosti\/219411000100911\/obsah\/718494-uspech-ceskych-robotu-v-usa\">Udalosti-News<\/a>, <a href=\"https:\/\/login.rci.cvut.cz\/data\/darpa-subt\/media\/Udalosti-2019-09-11-Uspech_ceskych_robot_v_USA-61924494877632167.mp4\">for download<\/a> 2019-09-11]\n<li><a href=\"https:\/\/www.lupa.cz\/clanky\/martin-pecka-karel-zimmermann-cvut-v-soutezi-darpa-jsme-uspeli-protoze-jsme-nebyli-lini-trenovat\">Lupa.cz<\/a> about our success at DARPA SubT challenge, Tunnel Circuit\n<li>Drones of the <a href=\"http:\/\/mrs.felk.cvut.cz\">MRS team<\/a> are helping in discovering some secrets of national heritage. <a href=\"https:\/\/www.novinky.cz\/koktejl\/458472-drony-z-cvut-pomahaji-odkryvat-dlouholeta-tajemstvi.html\">novinky.cz<\/a>. <a href=\"http:\/\/mrs.felk.cvut.cz\/projects\/cesnet\">Project info<\/a>.\n<li><a href=\"http:\/\/cmp.felk.cvut.cz\/~svoboda\/\" target=\"_blank\">Assoc. Prof. Tom\u00e1\u0161 Svoboda<\/a> was a guest on CT24 speaking on the topic: <a href=\"http:\/\/www.ceskatelevize.cz\/ivysilani\/10101491767-studio-ct24\/217411058270515\" target=\"_blank\">USA: Shared Autonomous Transport in 13 Years?<\/a> (the interview in Czech language only starts at about 0:15:56).\n<li>A 4-page cover story about humanoid robotics in <a href=\"https:\/\/www.respekt.cz\/spolecnost\/cesti-roboti-se-uci-hledat-ranene-a-ridit-drony\">Respekt<\/a> (a major Czech weekly journal), 16\/2017. <a href=\"https:\/\/sites.google.com\/site\/matejhof\/\">Matej Hoffmann<\/a> and Zdenek Straka interviewed and photographed with robots. More robots mentioned in the electronic version of the story.\n<li>April 2017, Euronews: <a href=\"http:\/\/www.euronews.com\/2017\/04\/10\/robots-to-the-rescue-in-post-disaster-recovery\" target=\"_blank\">Robots to the rescue in post-disaster recovery<\/a>. Shooting took place after the Year 3 <a href=\"http:\/\/www.tradr-project.eu\" target=\"_blank\">TRADR<\/a> review.\n<li>March 2017, Czech TV. <a href=\"http:\/\/www.ceskatelevize.cz\/ct24\/veda\/2061230-ceske-drony-vyhraly-mezinarodni-prestizni-soutez-na-okruhu-formule-1\">Czech drones won the internationational robotic competition<\/a>. A story about winning at the <a href=\"http:\/\/www.mbzirc.com\">MBZIRC2017<\/a> robotic competition in autonomous cooperative flying.\n<li>August 2016, rescue ground robot going to Italy after earthquake <a href=\"http:\/\/www.ceskatelevize.cz\/porady\/1097181328-udalosti\/216411000100831\/video\/490326\">Czech TV main news<\/a>. Several members of CRAS are working on the <a href=\"http:\/\/www.tradr-project.eu\">TRADR project<\/a>, collaboration with <a href=\"http:\/\/ciirc.cvut.cz\">CIIRC<\/a>.\n<li>November 2015, T. Svoboda <a href=\"http:\/\/video.aktualne.cz\/dvtv\/aut-bez-ridice-se-dozijeme-nehod-bude-min-lide-dnes-jezdi-na\/r~70f9804c815b11e5b286002590604f2e\/\">interviewed about autonomous cars<\/a>.\n<li>August 2015, T. Svoboda in <a href=\"http:\/\/prehravac.rozhlas.cz\/audio\/3442681\">Cesky rozhlas &#8211; Leonardo<\/a>, introduces the rescue ground robot (TRADR project in collaboration with <a href=\"http:\/\/www.ciirc.cvut.cz\/research\/rmp\/\">CIIRC<\/a>)\n<li>March 2015, T. Svoboda gave a light weight about Robotics and Artificial Intelligence &#8211; Fiction vs. Reality at a Sci-fi film festival &#8211; Futuregate2015,\u00a0<a href=\"http:\/\/robotics.fel.cvut.cz\/cras\/wp-content\/uploads\/2015\/04\/robotika-ai-fikce-skutecnost-reduced.pdf\">robotika-ai-fikce-skutecnost<\/a><\/li>\n<li>CRAS introduction and Jan Faigl&#8217;s research presented in Tecnicall (CTU bulletin)\u00a0 April 2015: <a href=\"http:\/\/robotics.fel.cvut.cz\/cras\/wp-content\/uploads\/2015\/04\/TC_8_9_robot.pdf\">TC_8_9_robot<\/a><\/li>\n<\/ul>\n","protected":false},"excerpt":{"rendered":"<p>Spots did 3D mapping and data gathering in the Prague underground and cooperation with the company Kolektory Praha a.s. which received wide coverage by the Czech media. \u00a0\u010cT 1 &#8211; Ud\u00e1losti, server \u010cT24 \u00a0Pra\u017esk\u00fd den\u00edk, Den\u00edk Pr\u00e1vo, Metro.cz, Novinky.cz All you wanted to know about robotics at our faculty in 15 minutes. CT24 studio starts [&hellip;]<\/p>\n","protected":false},"author":2,"featured_media":0,"parent":0,"menu_order":0,"comment_status":"closed","ping_status":"closed","template":"","meta":{"footnotes":""},"_links":{"self":[{"href":"https:\/\/robotics.fel.cvut.cz\/cras\/wp-json\/wp\/v2\/pages\/33"}],"collection":[{"href":"https:\/\/robotics.fel.cvut.cz\/cras\/wp-json\/wp\/v2\/pages"}],"about":[{"href":"https:\/\/robotics.fel.cvut.cz\/cras\/wp-json\/wp\/v2\/types\/page"}],"author":[{"embeddable":true,"href":"https:\/\/robotics.fel.cvut.cz\/cras\/wp-json\/wp\/v2\/users\/2"}],"replies":[{"embeddable":true,"href":"https:\/\/robotics.fel.cvut.cz\/cras\/wp-json\/wp\/v2\/comments?post=33"}],"version-history":[{"count":38,"href":"https:\/\/robotics.fel.cvut.cz\/cras\/wp-json\/wp\/v2\/pages\/33\/revisions"}],"predecessor-version":[{"id":486,"href":"https:\/\/robotics.fel.cvut.cz\/cras\/wp-json\/wp\/v2\/pages\/33\/revisions\/486"}],"wp:attachment":[{"href":"https:\/\/robotics.fel.cvut.cz\/cras\/wp-json\/wp\/v2\/media?parent=33"}],"curies":[{"name":"wp","href":"https:\/\/api.w.org\/{rel}","templated":true}]}}